{"id":2,"date":"2026-01-21T16:16:01","date_gmt":"2026-01-21T16:16:01","guid":{"rendered":"https:\/\/sol147kr.com\/?page_id=2"},"modified":"2026-04-13T17:15:48","modified_gmt":"2026-04-13T17:15:48","slug":"home","status":"publish","type":"page","link":"https:\/\/sol147kr.com\/","title":{"rendered":"Home"},"content":{"rendered":"<div class=\"et_pb_section_0 et_pb_section et_section_regular et_flex_section\">\n<div class=\"et_pb_row_0 et_pb_row et_flex_row\">\n<div class=\"et_pb_column_0 et_pb_column et-last-child et_flex_column et_pb_css_mix_blend_mode_passthrough et_flex_column_24_24 et_flex_column_24_24_tablet et_flex_column_24_24_phone\">\n<div class=\"et_pb_text_0 et_pb_text et_pb_bg_layout_light et_clickable et_pb_module et_flex_module\"><div class=\"et_pb_text_inner\"><p><span style=\"color: #999999;\">ES<\/span> | <span style=\"color: #000000;\"><strong>EN<\/strong><\/span><\/p>\n<\/div><\/div>\n\n<div class=\"et_pb_text_1 et_pb_text et_pb_bg_layout_light et_pb_module et_flex_module\"><div class=\"et_pb_text_inner\"><h2>A NEW<br \/>WAY<\/h2>\n<\/div><\/div>\n\n<div class=\"et_pb_text_2 et_pb_text et_pb_bg_layout_light et_pb_module et_flex_module\"><div class=\"et_pb_text_inner\"><h2>to live<br \/>with<br \/>the sun<\/h2>\n<\/div><\/div>\n<\/div>\n<\/div>\n<\/div>\n\n<div class=\"et_pb_section_1 et_pb_section et_section_regular et_flex_section\">\n<div class=\"et_pb_row_1 et_pb_row et_flex_row\">\n<div class=\"et_pb_column_1 et_pb_column et-last-child et_flex_column et_pb_css_mix_blend_mode_passthrough et_flex_column_24_24 et_flex_column_24_24_tablet et_flex_column_24_24_phone\">\n<div class=\"et_pb_text_3 et_pb_text et_pb_bg_layout_light et_pb_module et_flex_module\"><div class=\"et_pb_text_inner\"><h2>Coordinado por Dermat\u00f3logos Coreanos<\/h2>\n<\/div><\/div>\n<\/div>\n<\/div>\n\n<div class=\"et_pb_row_2 et_pb_row et_flex_row et_flex_column_8_24 et_flex_column_8_24_tablet et_flex_column_8_24_phone\">\n<div class=\"et_pb_column_2 et_pb_column et_flex_column et_pb_css_mix_blend_mode_passthrough et_flex_column_12_24 et_flex_column_12_24_tablet et_flex_column_24_24_phone\">\n<div class=\"et_pb_image_0 et_pb_image et_pb_module et_flex_module\"><a href=\"https:\/\/sol147kr.com\/index.php\/soothing-hydrating-sun-cream\/\"><span class=\"et_pb_image_wrap\"><img loading=\"lazy\" decoding=\"async\" src=\"https:\/\/sol147kr.com\/wp-content\/uploads\/2026\/04\/Sun_ES_Nuri.jpg\" width=\"572\" height=\"693\" srcset=\"https:\/\/sol147kr.com\/wp-content\/uploads\/2026\/04\/Sun_ES_Nuri.jpg 572w, https:\/\/sol147kr.com\/wp-content\/uploads\/2026\/04\/Sun_ES_Nuri-480x582.jpg 480w\" sizes=\"(min-width: 0px) and (max-width: 480px) 480px, (min-width: 481px) 572px, 100vw\" class=\"wp-image-1333 wp-image-1350\" title=\"Sun_ES_Nuri\" \/><\/span><\/a><\/div>\n<\/div>\n\n<div class=\"et_pb_column_3 et_pb_column et-last-child et_flex_column et_pb_css_mix_blend_mode_passthrough et_flex_column_12_24 et_flex_column_12_24_tablet et_flex_column_24_24_phone\">\n<div class=\"et_pb_image_1 et_pb_image et_pb_module et_flex_module\"><a href=\"https:\/\/sol147kr.com\/index.php\/invisible-protection-sun-stick\/\"><span class=\"et_pb_image_wrap\"><img loading=\"lazy\" decoding=\"async\" src=\"https:\/\/sol147kr.com\/wp-content\/uploads\/2026\/04\/Care_Stick_ES_Nuri.jpg\" width=\"572\" height=\"693\" srcset=\"https:\/\/sol147kr.com\/wp-content\/uploads\/2026\/04\/Care_Stick_ES_Nuri.jpg 572w, https:\/\/sol147kr.com\/wp-content\/uploads\/2026\/04\/Care_Stick_ES_Nuri-480x582.jpg 480w\" sizes=\"(min-width: 0px) and (max-width: 480px) 480px, (min-width: 481px) 572px, 100vw\" class=\"wp-image-1336 wp-image-1352\" title=\"Care_Stick_ES_Nuri\" \/><\/span><\/a><\/div>\n<\/div>\n<\/div>\n\n\n<\/div>\n\n<div class=\"et_pb_section_2 et_pb_section et_section_regular et_flex_section et_clickable\">\n<div class=\"et_pb_row_4 et_pb_row et_flex_row\">\n<div class=\"et_pb_column_7 et_pb_column et-last-child et_flex_column et_pb_css_mix_blend_mode_passthrough et_flex_column_24_24 et_flex_column_24_24_tablet et_flex_column_24_24_phone\">\n<div class=\"et_pb_text_4 et_pb_text et_pb_bg_layout_light et_pb_module et_flex_module\"><div class=\"et_pb_text_inner\"><h2>WHERE KOREAN<br \/>DERMATOLOGY<\/p>\n<\/h2>\n<\/div><\/div>\n\n<div class=\"et_pb_text_5 et_pb_text et_pb_bg_layout_light et_pb_module et_flex_module\"><div class=\"et_pb_text_inner\"><p>BECOMES DAILY SUN CARE<\/p>\n<\/div><\/div>\n<\/div>\n<\/div>\n<\/div>\n\n<div class=\"et_pb_section_3 et_pb_section et_section_regular et_flex_section\">\n<div class=\"et_pb_row_5 et_pb_row et_pb_gutters2 et_block_row et_flex_column_12_24 et_flex_column_12_24_tablet et_flex_column_12_24_phone\">\n<div class=\"et_pb_column_8 et_pb_column et_pb_column_1_2 et_grid_column et_pb_css_mix_blend_mode_passthrough\">\n<div class=\"et_pb_image_5 et_pb_image et_pb_image_sticky et_pb_module et_flex_module\"><span class=\"et_pb_image_wrap\"><img loading=\"lazy\" decoding=\"async\" src=\"https:\/\/sol147kr.com\/wp-content\/uploads\/2026\/02\/Skin-Care_W.jpg\" title=\"Skin-Care_W\" width=\"1320\" height=\"1360\" srcset=\"https:\/\/sol147kr.com\/wp-content\/uploads\/2026\/02\/Skin-Care_W.jpg 1320w, https:\/\/sol147kr.com\/wp-content\/uploads\/2026\/02\/Skin-Care_W-1280x1319.jpg 1280w, https:\/\/sol147kr.com\/wp-content\/uploads\/2026\/02\/Skin-Care_W-980x1010.jpg 980w, https:\/\/sol147kr.com\/wp-content\/uploads\/2026\/02\/Skin-Care_W-480x495.jpg 480w\" sizes=\"(min-width: 0px) and (max-width: 480px) 480px, (min-width: 481px) and (max-width: 980px) 980px, (min-width: 981px) and (max-width: 1280px) 1280px, (min-width: 1281px) 1320px, 100vw\" class=\"wp-image-408\" \/><\/span><\/div>\n\n<div class=\"et_pb_text_6 et_pb_text et_pb_bg_layout_light et_pb_module et_flex_module\"><div class=\"et_pb_text_inner\"><h2>SKIN<br \/>CARE<\/h2>\n<\/div><\/div>\n\n<div class=\"et_pb_text_7 et_pb_text et_pb_bg_layout_light et_pb_module et_flex_module\"><div class=\"et_pb_text_inner\"><p style=\"text-align: justify;\"><strong>SOL147<\/strong> est\u00e1 concebida para convertirse en una marca de protecci\u00f3n solar diaria de confianza a largo plazo, no en una moda estacional o pasajera. Todos nuestros\u00a0 productos, siguen estos principios:<\/p>\n<p style=\"text-align: justify;\"><strong>L\u00f3gica respaldada por la dermatolog\u00eda<\/strong>: todas las f\u00f3rmulas est\u00e1n dise\u00f1adas con conocimientos cl\u00ednicos y la experiencia de la dermatolog\u00eda coreana, lo que garantiza una protecci\u00f3n real, cuidado y beneficios antienvejecimiento.<\/p>\n<p style=\"text-align: justify;\"><strong>Sensaci\u00f3n segunda piel<\/strong>: texturas ligeras, sin efecto blanco, sin grasa, protecci\u00f3n solar que se siente f\u00e1cil y agradable, no una tarea.<\/p>\n<\/div><\/div>\n<\/div>\n\n<div class=\"et_pb_column_9 et_pb_column et_pb_column_1_2 et-last-child et_grid_column et_pb_css_mix_blend_mode_passthrough\">\n<div class=\"et_pb_image_6 et_pb_image et_pb_module et_flex_module\"><span class=\"et_pb_image_wrap\"><img loading=\"lazy\" decoding=\"async\" src=\"https:\/\/sol147kr.com\/wp-content\/uploads\/2026\/02\/Must-Have_1320x1360.jpg\" title=\"Must-Have_1320x1360\" width=\"1320\" height=\"1360\" srcset=\"https:\/\/sol147kr.com\/wp-content\/uploads\/2026\/02\/Must-Have_1320x1360.jpg 1320w, https:\/\/sol147kr.com\/wp-content\/uploads\/2026\/02\/Must-Have_1320x1360-1280x1319.jpg 1280w, https:\/\/sol147kr.com\/wp-content\/uploads\/2026\/02\/Must-Have_1320x1360-980x1010.jpg 980w, https:\/\/sol147kr.com\/wp-content\/uploads\/2026\/02\/Must-Have_1320x1360-480x495.jpg 480w\" sizes=\"(min-width: 0px) and (max-width: 480px) 480px, (min-width: 481px) and (max-width: 980px) 980px, (min-width: 981px) and (max-width: 1280px) 1280px, (min-width: 1281px) 1320px, 100vw\" class=\"wp-image-465\" \/><\/span><\/div>\n\n<div class=\"et_pb_text_8 et_pb_text et_pb_bg_layout_light et_pb_module et_flex_module\"><div class=\"et_pb_text_inner\"><h2>MUST-HAVE<br \/>INGREDIENTS<\/h2>\n<\/div><\/div>\n\n<div class=\"et_pb_text_9 et_pb_text et_pb_bg_layout_light et_pb_module et_flex_module\"><div class=\"et_pb_text_inner\"><p>Green Tea Phyto PDRN<\/p>\n<p>Tocopherol (Vitamin E)<\/p>\n<p>Soothing Synergy Complex<\/p>\n<p>Hyaluronic Acid<\/p>\n<\/div><\/div>\n<\/div>\n<\/div>\n\n<div class=\"et_pb_row_6 et_pb_row et_pb_gutters1 et_block_row et_flex_column_12_24 et_flex_column_12_24_tablet et_flex_column_12_24_phone\">\n<div class=\"et_pb_column_10 et_pb_column et_pb_column_1_2 et_grid_column et_pb_css_mix_blend_mode_passthrough\">\n<div class=\"et_pb_image_7 et_pb_image et_pb_image_sticky et_pb_module et_flex_module\"><a href=\"https:\/\/sol147kr.com\/index.php\/slow-aging\/\"><span class=\"et_pb_image_wrap\"><img loading=\"lazy\" decoding=\"async\" src=\"https:\/\/sol147kr.com\/wp-content\/uploads\/2026\/02\/SLOW-AGING_1320x1360.jpg\" title=\"SLOW-AGING_1320x1360\" width=\"1320\" height=\"1360\" srcset=\"https:\/\/sol147kr.com\/wp-content\/uploads\/2026\/02\/SLOW-AGING_1320x1360.jpg 1320w, https:\/\/sol147kr.com\/wp-content\/uploads\/2026\/02\/SLOW-AGING_1320x1360-1280x1319.jpg 1280w, https:\/\/sol147kr.com\/wp-content\/uploads\/2026\/02\/SLOW-AGING_1320x1360-980x1010.jpg 980w, https:\/\/sol147kr.com\/wp-content\/uploads\/2026\/02\/SLOW-AGING_1320x1360-480x495.jpg 480w\" sizes=\"(min-width: 0px) and (max-width: 480px) 480px, (min-width: 481px) and (max-width: 980px) 980px, (min-width: 981px) and (max-width: 1280px) 1280px, (min-width: 1281px) 1320px, 100vw\" class=\"wp-image-485\" \/><\/span><\/a><\/div>\n\n<div class=\"et_pb_text_10 et_pb_text et_pb_bg_layout_light et_pb_module et_flex_module\"><div class=\"et_pb_text_inner\"><h2>SLOW-AGING<\/h2>\n<\/div><\/div>\n\n<div class=\"et_pb_text_11 et_pb_text et_pb_bg_layout_light et_pb_module et_flex_module\"><div class=\"et_pb_text_inner\" data-et-mv-hidden-phone=\"true\"><p><strong>Contancia<\/strong> diaria m\u00e1s que intensidad<\/p>\n<p><strong>Prevenci\u00f3n\u00a0<\/strong>\u00a0 antes\u00a0 \u00a0que\u00a0 \u00a0reparaci\u00f3n<\/p>\n<p><strong>Cuidado\u00a0<\/strong> m\u00e1s all\u00e1\u00a0 de\u00a0 la\u00a0 protecci\u00f3n<\/p>\n<\/div><\/div>\n<\/div>\n\n<div class=\"et_pb_column_11 et_pb_column et_pb_column_1_2 et-last-child et_grid_column et_pb_css_mix_blend_mode_passthrough\">\n<div class=\"et_pb_image_8 et_pb_image et_pb_module et_flex_module\"><a href=\"https:\/\/sol147kr.com\/index.php\/vision-147\/\"><span class=\"et_pb_image_wrap\"><img loading=\"lazy\" decoding=\"async\" src=\"https:\/\/sol147kr.com\/wp-content\/uploads\/2026\/02\/VISION147_5A.jpg\" title=\"VISION147_5A\" width=\"1320\" height=\"1360\" srcset=\"https:\/\/sol147kr.com\/wp-content\/uploads\/2026\/02\/VISION147_5A.jpg 1320w, https:\/\/sol147kr.com\/wp-content\/uploads\/2026\/02\/VISION147_5A-1280x1319.jpg 1280w, https:\/\/sol147kr.com\/wp-content\/uploads\/2026\/02\/VISION147_5A-980x1010.jpg 980w, https:\/\/sol147kr.com\/wp-content\/uploads\/2026\/02\/VISION147_5A-480x495.jpg 480w\" sizes=\"(min-width: 0px) and (max-width: 480px) 480px, (min-width: 481px) and (max-width: 980px) 980px, (min-width: 981px) and (max-width: 1280px) 1280px, (min-width: 1281px) 1320px, 100vw\" class=\"wp-image-607\" \/><\/span><\/a><\/div>\n<\/div>\n<\/div>\n<\/div>\n\n<div class=\"et_pb_section_4 et_pb_section et_section_regular et_flex_section et_clickable\">\n<div class=\"et_pb_row_7 et_pb_row et_block_row\">\n<div class=\"et_pb_column_12 et_pb_column et_pb_column_4_4 et-last-child et_flex_column et_pb_css_mix_blend_mode_passthrough\">\n<div class=\"et_pb_text_12 et_pb_text et_pb_bg_layout_light et_clickable et_pb_module et_flex_module\"><div class=\"et_pb_text_inner\"><h2>KOREAN EXPERTISE<\/h2>\n<\/div><\/div>\n\n<div class=\"et_pb_text_13 et_pb_text et_pb_bg_layout_light et_clickable et_pb_module et_flex_module\"><div class=\"et_pb_text_inner\"><h3>OUR FIRST PRIORITY IS SLOW AGING<\/h3>\n<\/div><\/div>\n<\/div>\n<\/div>\n\n<div class=\"et_pb_row_8 et_pb_row et_flex_row\">\n<div class=\"et_pb_column_13 et_pb_column et-last-child et_flex_column et_pb_css_mix_blend_mode_passthrough et_flex_column_24_24 et_flex_column_24_24_tablet et_flex_column_24_24_phone\">\n<div class=\"et_pb_divider_0 et_pb_divider et_pb_space et_pb_divider_position_top et_pb_module\"><div class=\"et_pb_divider_internal\"><\/div><\/div>\n<\/div>\n<\/div>\n<\/div>\n\n<div class=\"et_pb_section_5 et_pb_section et_section_regular et_flex_section\">\n<div class=\"et_pb_row_9 et_pb_row et_flex_row et_flex_column_12_24 et_flex_column_12_24_tablet et_flex_column_12_24_phone\">\n<div class=\"et_pb_column_14 et_pb_column et_flex_column et_pb_css_mix_blend_mode_passthrough et_flex_column_16_24 et_flex_column_16_24_tablet et_flex_column_24_24_phone\">\n<div class=\"et_pb_text_14 et_pb_text et_pb_bg_layout_light et_pb_module et_flex_module\"><div class=\"et_pb_text_inner\"><p>SOL147 &amp; T\u00da<\/p>\n<\/div><\/div>\n<\/div>\n\n<div class=\"et_pb_column_15 et_pb_column et-last-child et_flex_column et_pb_css_mix_blend_mode_passthrough et_flex_column_8_24 et_flex_column_8_24_tablet et_flex_column_24_24_phone\">\n<div class=\"et_pb_module et_pb_button_module_wrapper et_pb_button_0_wrapper\"><a class=\"et_pb_button_0 et_pb_button et_pb_bg_layout_light et_pb_module et_flex_module\" href=\"https:\/\/www.instagram.com\/sol147kr\/\" target=\"_blank\">Encu\u00e9ntranos en Redes<\/a><\/div>\n<\/div>\n<\/div>\n\n<div class=\"et_pb_row_10 et_pb_row et_flex_row et_flex_column_6_24 et_flex_column_6_24_tablet et_flex_column_6_24_phone\">\n<div class=\"et_pb_column_16 et_pb_column et-last-child et_flex_column et_pb_css_mix_blend_mode_passthrough et_flex_column_24_24 et_flex_column_24_24_tablet et_flex_column_24_24_phone\">\n<div class=\"et_pb_gallery_0 et_pb_gallery et_pb_bg_layout_light et_pb_text_align_center et_pb_gallery_grid et_clickable et_pb_module\" data-auto-rotate=\"off\" data-auto-rotate-speed=\"\"><div class=\"et_pb_gallery_items et_post_gallery clearfix et_grid_module\" data-per_page=\"4\"><div class=\"et_pb_gallery_item et_pb_grid_item et_pb_gallery_item_0_0\"><div class=\"et_pb_gallery_image portrait\" data-per_page=\"4\"><a href=\"https:\/\/sol147kr.com\/wp-content\/uploads\/2026\/01\/Polaroid_Y.jpeg\" title=\"\"><img loading=\"lazy\" decoding=\"async\" width=\"400\" height=\"516\" src=\"https:\/\/sol147kr.com\/wp-content\/uploads\/2026\/01\/Polaroid_Y-400x516.jpeg\" alt=\"\" class=\"wp-image-175\" srcset=\"https:\/\/sol147kr.com\/wp-content\/uploads\/2026\/01\/Polaroid_Y.jpeg 479w, https:\/\/sol147kr.com\/wp-content\/uploads\/2026\/01\/Polaroid_Y-400x516.jpeg 480w\" sizes=\"(max-width:479px) 479px, 100vw\" \/><span class=\"et_overlay\" data-icon=\"\" data-icon-tablet=\"\" data-icon-phone=\"\"><\/span><\/a><\/div><\/div><div class=\"et_pb_gallery_item et_pb_grid_item et_pb_gallery_item_0_1\"><div class=\"et_pb_gallery_image portrait\" data-per_page=\"4\"><a href=\"https:\/\/sol147kr.com\/wp-content\/uploads\/2026\/01\/POST1A.png\" title=\"\"><img loading=\"lazy\" decoding=\"async\" width=\"400\" height=\"516\" src=\"https:\/\/sol147kr.com\/wp-content\/uploads\/2026\/01\/POST1A-400x516.png\" alt=\"\" class=\"wp-image-324\" srcset=\"https:\/\/sol147kr.com\/wp-content\/uploads\/2026\/01\/POST1A.png 479w, https:\/\/sol147kr.com\/wp-content\/uploads\/2026\/01\/POST1A-400x516.png 480w\" sizes=\"(max-width:479px) 479px, 100vw\" \/><span class=\"et_overlay\" data-icon=\"\" data-icon-tablet=\"\" data-icon-phone=\"\"><\/span><\/a><\/div><\/div><div class=\"et_pb_gallery_item et_pb_grid_item et_pb_gallery_item_0_2\"><div class=\"et_pb_gallery_image portrait\" data-per_page=\"4\"><a href=\"https:\/\/sol147kr.com\/wp-content\/uploads\/2026\/01\/POST2A.png\" title=\"\"><img loading=\"lazy\" decoding=\"async\" width=\"400\" height=\"516\" src=\"https:\/\/sol147kr.com\/wp-content\/uploads\/2026\/01\/POST2A-400x516.png\" alt=\"\" class=\"wp-image-327\" srcset=\"https:\/\/sol147kr.com\/wp-content\/uploads\/2026\/01\/POST2A.png 479w, https:\/\/sol147kr.com\/wp-content\/uploads\/2026\/01\/POST2A-400x516.png 480w\" sizes=\"(max-width:479px) 479px, 100vw\" \/><span class=\"et_overlay\" data-icon=\"\" data-icon-tablet=\"\" data-icon-phone=\"\"><\/span><\/a><\/div><\/div><div class=\"et_pb_gallery_item et_pb_grid_item et_pb_gallery_item_0_3\"><div class=\"et_pb_gallery_image portrait\" data-per_page=\"4\"><a href=\"https:\/\/sol147kr.com\/wp-content\/uploads\/2026\/01\/POST3A.png\" title=\"\"><img loading=\"lazy\" decoding=\"async\" width=\"400\" height=\"516\" src=\"https:\/\/sol147kr.com\/wp-content\/uploads\/2026\/01\/POST3A-400x516.png\" alt=\"\" class=\"wp-image-320\" srcset=\"https:\/\/sol147kr.com\/wp-content\/uploads\/2026\/01\/POST3A.png 479w, https:\/\/sol147kr.com\/wp-content\/uploads\/2026\/01\/POST3A-400x516.png 480w\" sizes=\"(max-width:479px) 479px, 100vw\" \/><span class=\"et_overlay\" data-icon=\"\" data-icon-tablet=\"\" data-icon-phone=\"\"><\/span><\/a><\/div><\/div><div class=\"et_pb_gallery_item et_pb_grid_item et_pb_gallery_item_0_4\"><div class=\"et_pb_gallery_image portrait\" data-per_page=\"4\"><a href=\"https:\/\/sol147kr.com\/wp-content\/uploads\/2026\/01\/polaroid-scaled.jpg\" title=\"\"><img loading=\"lazy\" decoding=\"async\" width=\"400\" height=\"516\" src=\"https:\/\/sol147kr.com\/wp-content\/uploads\/2026\/01\/polaroid-400x516.jpg\" alt=\"\" class=\"wp-image-323\" srcset=\"https:\/\/sol147kr.com\/wp-content\/uploads\/2026\/01\/polaroid-scaled.jpg 479w, https:\/\/sol147kr.com\/wp-content\/uploads\/2026\/01\/polaroid-400x516.jpg 480w\" sizes=\"(max-width:479px) 479px, 100vw\" \/><span class=\"et_overlay\" data-icon=\"\" data-icon-tablet=\"\" data-icon-phone=\"\"><\/span><\/a><\/div><\/div><div class=\"et_pb_gallery_item et_pb_grid_item et_pb_gallery_item_0_5\"><div class=\"et_pb_gallery_image portrait\" data-per_page=\"4\"><a href=\"https:\/\/sol147kr.com\/wp-content\/uploads\/2026\/01\/POST2B.png\" title=\"\"><img loading=\"lazy\" decoding=\"async\" width=\"400\" height=\"516\" src=\"https:\/\/sol147kr.com\/wp-content\/uploads\/2026\/01\/POST2B-400x516.png\" alt=\"\" class=\"wp-image-318\" srcset=\"https:\/\/sol147kr.com\/wp-content\/uploads\/2026\/01\/POST2B.png 479w, https:\/\/sol147kr.com\/wp-content\/uploads\/2026\/01\/POST2B-400x516.png 480w\" sizes=\"(max-width:479px) 479px, 100vw\" \/><span class=\"et_overlay\" data-icon=\"\" data-icon-tablet=\"\" data-icon-phone=\"\"><\/span><\/a><\/div><\/div><div class=\"et_pb_gallery_item et_pb_grid_item et_pb_gallery_item_0_6\"><div class=\"et_pb_gallery_image portrait\" data-per_page=\"4\"><a href=\"https:\/\/sol147kr.com\/wp-content\/uploads\/2026\/01\/POST2C.png\" title=\"\"><img loading=\"lazy\" decoding=\"async\" width=\"400\" height=\"516\" src=\"https:\/\/sol147kr.com\/wp-content\/uploads\/2026\/01\/POST2C-400x516.png\" alt=\"\" class=\"wp-image-319\" srcset=\"https:\/\/sol147kr.com\/wp-content\/uploads\/2026\/01\/POST2C.png 479w, https:\/\/sol147kr.com\/wp-content\/uploads\/2026\/01\/POST2C-400x516.png 480w\" sizes=\"(max-width:479px) 479px, 100vw\" \/><span class=\"et_overlay\" data-icon=\"\" data-icon-tablet=\"\" data-icon-phone=\"\"><\/span><\/a><\/div><\/div><div class=\"et_pb_gallery_item et_pb_grid_item et_pb_gallery_item_0_7\"><div class=\"et_pb_gallery_image portrait\" data-per_page=\"4\"><a href=\"https:\/\/sol147kr.com\/wp-content\/uploads\/2026\/01\/POST3B.png\" title=\"\"><img loading=\"lazy\" decoding=\"async\" width=\"400\" height=\"516\" src=\"https:\/\/sol147kr.com\/wp-content\/uploads\/2026\/01\/POST3B-400x516.png\" alt=\"\" class=\"wp-image-321\" srcset=\"https:\/\/sol147kr.com\/wp-content\/uploads\/2026\/01\/POST3B.png 479w, https:\/\/sol147kr.com\/wp-content\/uploads\/2026\/01\/POST3B-400x516.png 480w\" sizes=\"(max-width:479px) 479px, 100vw\" \/><span class=\"et_overlay\" data-icon=\"\" data-icon-tablet=\"\" data-icon-phone=\"\"><\/span><\/a><\/div><\/div><div class=\"et_pb_gallery_item et_pb_grid_item et_pb_gallery_item_0_8\"><div class=\"et_pb_gallery_image portrait\" data-per_page=\"4\"><a href=\"https:\/\/sol147kr.com\/wp-content\/uploads\/2026\/01\/POST3C.png\" title=\"\"><img loading=\"lazy\" decoding=\"async\" width=\"400\" height=\"516\" src=\"https:\/\/sol147kr.com\/wp-content\/uploads\/2026\/01\/POST3C-400x516.png\" alt=\"\" class=\"wp-image-322\" srcset=\"https:\/\/sol147kr.com\/wp-content\/uploads\/2026\/01\/POST3C.png 479w, https:\/\/sol147kr.com\/wp-content\/uploads\/2026\/01\/POST3C-400x516.png 480w\" sizes=\"(max-width:479px) 479px, 100vw\" \/><span class=\"et_overlay\" data-icon=\"\" data-icon-tablet=\"\" data-icon-phone=\"\"><\/span><\/a><\/div><\/div><div class=\"et_pb_gallery_item et_pb_grid_item et_pb_gallery_item_0_9\"><div class=\"et_pb_gallery_image portrait\" data-per_page=\"4\"><a href=\"https:\/\/sol147kr.com\/wp-content\/uploads\/2026\/01\/POST1B.png\" title=\"\"><img loading=\"lazy\" decoding=\"async\" width=\"400\" height=\"516\" src=\"https:\/\/sol147kr.com\/wp-content\/uploads\/2026\/01\/POST1B-400x516.png\" alt=\"\" class=\"wp-image-325\" srcset=\"https:\/\/sol147kr.com\/wp-content\/uploads\/2026\/01\/POST1B.png 479w, https:\/\/sol147kr.com\/wp-content\/uploads\/2026\/01\/POST1B-400x516.png 480w\" sizes=\"(max-width:479px) 479px, 100vw\" \/><span class=\"et_overlay\" data-icon=\"\" data-icon-tablet=\"\" data-icon-phone=\"\"><\/span><\/a><\/div><\/div><div class=\"et_pb_gallery_item et_pb_grid_item et_pb_gallery_item_0_10\"><div class=\"et_pb_gallery_image portrait\" data-per_page=\"4\"><a href=\"https:\/\/sol147kr.com\/wp-content\/uploads\/2026\/01\/POST1C.png\" title=\"\"><img loading=\"lazy\" decoding=\"async\" width=\"400\" height=\"516\" src=\"https:\/\/sol147kr.com\/wp-content\/uploads\/2026\/01\/POST1C-400x516.png\" alt=\"\" class=\"wp-image-326\" srcset=\"https:\/\/sol147kr.com\/wp-content\/uploads\/2026\/01\/POST1C.png 479w, https:\/\/sol147kr.com\/wp-content\/uploads\/2026\/01\/POST1C-400x516.png 480w\" sizes=\"(max-width:479px) 479px, 100vw\" \/><span class=\"et_overlay\" data-icon=\"\" data-icon-tablet=\"\" data-icon-phone=\"\"><\/span><\/a><\/div><\/div><\/div><div class=\"et_pb_gallery_pagination\"><\/div><\/div>\n<\/div>\n<\/div>\n<\/div>\n\n<div class=\"et_pb_section_6 et_pb_section et_section_regular et_flex_section\"><\/div>","protected":false},"excerpt":{"rendered":"","protected":false},"author":2,"featured_media":0,"parent":0,"menu_order":0,"comment_status":"closed","ping_status":"closed","template":"","meta":{"footnotes":""},"class_list":["post-2","page","type-page","status-publish","hentry"],"_links":{"self":[{"href":"https:\/\/sol147kr.com\/index.php\/wp-json\/wp\/v2\/pages\/2","targetHints":{"allow":["GET"]}}],"collection":[{"href":"https:\/\/sol147kr.com\/index.php\/wp-json\/wp\/v2\/pages"}],"about":[{"href":"https:\/\/sol147kr.com\/index.php\/wp-json\/wp\/v2\/types\/page"}],"author":[{"embeddable":true,"href":"https:\/\/sol147kr.com\/index.php\/wp-json\/wp\/v2\/users\/2"}],"replies":[{"embeddable":true,"href":"https:\/\/sol147kr.com\/index.php\/wp-json\/wp\/v2\/comments?post=2"}],"version-history":[{"count":473,"href":"https:\/\/sol147kr.com\/index.php\/wp-json\/wp\/v2\/pages\/2\/revisions"}],"predecessor-version":[{"id":1353,"href":"https:\/\/sol147kr.com\/index.php\/wp-json\/wp\/v2\/pages\/2\/revisions\/1353"}],"wp:attachment":[{"href":"https:\/\/sol147kr.com\/index.php\/wp-json\/wp\/v2\/media?parent=2"}],"curies":[{"name":"wp","href":"https:\/\/api.w.org\/{rel}","templated":true}]}}