{"id":285,"date":"2026-01-30T15:32:47","date_gmt":"2026-01-30T15:32:47","guid":{"rendered":"https:\/\/sol147kr.com\/?page_id=285"},"modified":"2026-03-12T22:38:13","modified_gmt":"2026-03-12T22:38:13","slug":"cc-serum-sun-cream","status":"publish","type":"page","link":"https:\/\/sol147kr.com\/index.php\/cc-serum-sun-cream\/","title":{"rendered":"CC Serum Sun Cream"},"content":{"rendered":"<div class=\"et_pb_section_0 et_pb_section et_section_regular et_flex_section\">\n<div class=\"et_pb_row_0 et_pb_row et_flex_row\">\n<div class=\"et_pb_column_0 et_pb_column et-last-child et_flex_column et_pb_css_mix_blend_mode_passthrough et_flex_column_24_24 et_flex_column_24_24_tablet et_flex_column_24_24_phone\">\n<div class=\"et_pb_text_0 et_pb_text et_pb_bg_layout_light et_clickable et_pb_module et_flex_module\"><div class=\"et_pb_text_inner\"><p><span style=\"color: #999999;\">ES<\/span> | <span style=\"color: #000000;\"><strong>EN<\/strong><\/span><\/p>\n<\/div><\/div>\n<\/div>\n<\/div>\n\n<div class=\"et_pb_row_1 et_pb_row et_flex_row et_flex_column_12_24 et_flex_column_12_24_tablet et_flex_column_12_24_phone\">\n<div class=\"et_pb_column_1 et_pb_column et_flex_column et_pb_css_mix_blend_mode_passthrough et_flex_column_12_24 et_flex_column_12_24_tablet et_flex_column_24_24_phone\">\n<div class=\"et_pb_text_1 et_pb_text et_pb_bg_layout_light et_clickable et_pb_module et_flex_module\"><div class=\"et_pb_text_inner\"><p><span style=\"color: #999999;\">ES<\/span> | <span style=\"color: #000000;\"><strong>EN<\/strong><\/span><\/p>\n<\/div><\/div>\n\n<div class=\"et_pb_gallery_0 et_pb_gallery et_pb_bg_layout_light et_pb_slider et_pb_gallery_fullwidth clearfix et_pb_module\" data-auto-rotate=\"off\" data-auto-rotate-speed=\"\"><div class=\"et_pb_gallery_items et_post_gallery clearfix\" data-per_page=\"3\"><div class=\"et_pb_gallery_item et_pb_gallery_item_0_0\"><div class=\"et_pb_gallery_image landscape\" data-per_page=\"3\"><a href=\"https:\/\/sol147kr.com\/wp-content\/uploads\/2026\/02\/Serum_feature_W.webp\" title=\"\"><img loading=\"lazy\" decoding=\"async\" width=\"1370\" height=\"1550\" src=\"https:\/\/sol147kr.com\/wp-content\/uploads\/2026\/02\/Serum_feature_W.webp\" alt=\"\" class=\"wp-image-831\" srcset=\"https:\/\/sol147kr.com\/wp-content\/uploads\/2026\/02\/Serum_feature_W.webp 1370w, https:\/\/sol147kr.com\/wp-content\/uploads\/2026\/02\/Serum_feature_W-1280x1448.webp 1280w, https:\/\/sol147kr.com\/wp-content\/uploads\/2026\/02\/Serum_feature_W-980x1109.webp 980w, https:\/\/sol147kr.com\/wp-content\/uploads\/2026\/02\/Serum_feature_W-480x543.webp 480w\" sizes=\"(min-width: 0px) and (max-width: 480px) 480px, (min-width: 481px) and (max-width: 980px) 980px, (min-width: 981px) and (max-width: 1280px) 1280px, (min-width: 1281px) 1370px, 100vw\" \/><span class=\"et_overlay\" data-icon=\"\" data-icon-tablet=\"\" data-icon-phone=\"\"><\/span><\/a><\/div><\/div><div class=\"et_pb_gallery_item et_pb_gallery_item_0_1\"><div class=\"et_pb_gallery_image landscape\" data-per_page=\"3\"><a href=\"https:\/\/sol147kr.com\/wp-content\/uploads\/2026\/02\/Serum_feature_M.webp\" title=\"\"><img loading=\"lazy\" decoding=\"async\" width=\"1370\" height=\"1550\" src=\"https:\/\/sol147kr.com\/wp-content\/uploads\/2026\/02\/Serum_feature_M.webp\" alt=\"\" class=\"wp-image-832\" srcset=\"https:\/\/sol147kr.com\/wp-content\/uploads\/2026\/02\/Serum_feature_M.webp 1370w, https:\/\/sol147kr.com\/wp-content\/uploads\/2026\/02\/Serum_feature_M-1280x1448.webp 1280w, https:\/\/sol147kr.com\/wp-content\/uploads\/2026\/02\/Serum_feature_M-980x1109.webp 980w, https:\/\/sol147kr.com\/wp-content\/uploads\/2026\/02\/Serum_feature_M-480x543.webp 480w\" sizes=\"(min-width: 0px) and (max-width: 480px) 480px, (min-width: 481px) and (max-width: 980px) 980px, (min-width: 981px) and (max-width: 1280px) 1280px, (min-width: 1281px) 1370px, 100vw\" \/><span class=\"et_overlay\" data-icon=\"\" data-icon-tablet=\"\" data-icon-phone=\"\"><\/span><\/a><\/div><\/div><\/div><\/div>\n<\/div>\n\n<div class=\"et_pb_column_2 et_pb_column et-last-child et_flex_column et_pb_css_mix_blend_mode_passthrough et_flex_column_12_24 et_flex_column_12_24_tablet et_flex_column_24_24_phone\">\n<div class=\"et_pb_text_2 et_pb_text et_pb_bg_layout_light et_pb_module et_flex_module\"><div class=\"et_pb_text_inner\"><h1>ANTI-AGING<br \/>CC SUN SERUM<\/h1>\n<\/div><\/div>\n\n<div class=\"et_pb_text_3 et_pb_text et_pb_bg_layout_light et_pb_module et_flex_module\"><div class=\"et_pb_text_inner\"><p>PROTECTOR SOLAR CC SERUM ANTI EDAD<\/p>\n<\/div><\/div>\n\n<div class=\"et_pb_text_4 et_pb_text et_pb_bg_layout_light et_pb_module et_flex_module\"><div class=\"et_pb_text_inner\"><p style=\"text-align: center;\">Este <strong>s\u00e9rum solar premium<\/strong> combina protecci\u00f3n UV diaria (SPF30 | PA+++ | UVA ) con efectos <strong>antienvejecimiento<\/strong> <strong>y beneficios CC<\/strong> (correcci\u00f3n del color y cobertura). Su textura ligera y sedosa, facilita la aplicaci\u00f3n y proporciona una sensaci\u00f3n agradable en la piel. Ofrece <strong>m\u00faltiples funciones<\/strong> en un solo producto. Nuestra f\u00f3rmula especialmente desarrollada proporciona una propiedad de larga duraci\u00f3n con un equilibrio \u00f3ptimo entre <strong>cuidado y protecci\u00f3n<\/strong>.<\/p>\n<\/div><\/div>\n\n<div class=\"et_pb_text_5 et_pb_text et_pb_bg_layout_light et_pb_module et_flex_module\"><div class=\"et_pb_text_inner\"><p>#<span style=\"color: #808080;\">ANTI-AGING<\/span> | <span style=\"color: #808080;\">#WATERFIT<\/span> | <span style=\"color: #808080;\">#DAILY<\/span><\/p>\n<\/div><\/div>\n<\/div>\n<\/div>\n\n<div class=\"et_pb_row_2 et_pb_row et_flex_row et_flex_column_12_24 et_flex_column_12_24_tablet et_flex_column_12_24_phone\">\n<div class=\"et_pb_column_3 et_pb_column et_flex_column et_pb_css_mix_blend_mode_passthrough et_flex_column_12_24 et_flex_column_12_24_tablet et_flex_column_24_24_phone\">\n<div class=\"et_pb_image_0 et_pb_image et_pb_module et_flex_module\"><span class=\"et_pb_image_wrap\"><img loading=\"lazy\" decoding=\"async\" src=\"https:\/\/sol147kr.com\/wp-content\/uploads\/2026\/02\/Fuelle_Serum.webp\" width=\"1438\" height=\"1050\" srcset=\"https:\/\/sol147kr.com\/wp-content\/uploads\/2026\/02\/Fuelle_Serum.webp 1438w, https:\/\/sol147kr.com\/wp-content\/uploads\/2026\/02\/Fuelle_Serum-1280x935.webp 1280w, https:\/\/sol147kr.com\/wp-content\/uploads\/2026\/02\/Fuelle_Serum-980x716.webp 980w, https:\/\/sol147kr.com\/wp-content\/uploads\/2026\/02\/Fuelle_Serum-480x350.webp 480w\" sizes=\"(min-width: 0px) and (max-width: 480px) 480px, (min-width: 481px) and (max-width: 980px) 980px, (min-width: 981px) and (max-width: 1280px) 1280px, (min-width: 1281px) 1438px, 100vw\" class=\"wp-image-955\" title=\"Serum_fuell_e\" \/><\/span><\/div>\n<\/div>\n\n<div class=\"et_pb_column_4 et_pb_column et-last-child et_flex_column et_pb_css_mix_blend_mode_passthrough et_flex_column_12_24 et_flex_column_12_24_tablet et_flex_column_24_24_phone\">\n<div class=\"et_pb_accordion_0 et_pb_accordion et_pb_module et_flex_module\">\n<div class=\"et_pb_accordion_item_0 et_pb_accordion_item et_pb_toggle et_pb_module et_pb_toggle_open et_flex_module\"><h5 class=\"et_pb_toggle_title\">Ingredientes Activos:<\/h5><div class=\"et_pb_toggle_content et_flex_module\"><p>*<strong>Green Tea Phyto PDRN<\/strong> &#8211; Ingrediente vegetal derivado del t\u00e9 verde, dise\u00f1ado para favorecer la resistencia y la recuperaci\u00f3n de la piel.<br \/>*<strong>Complejo de 8 P\u00e9ptidos<\/strong> &#8211; <span style=\"font-weight: 400;\">Una mezcla de p\u00e9ptidos que ayuda a mejorar la apariencia de la elasticidad y la textura de la piel.<\/span><br \/>*<strong>Tocopherol (Vit. E)<\/strong> &#8211; <span style=\"font-weight: 400;\">Un potente antioxidante que ayuda a proteger la piel del estr\u00e9s oxidativo inducido por los rayos UV.<br \/>*<strong>\u00c1cido Hialur\u00f3nico<\/strong> &#8211; Proporciona una hidrataci\u00f3n duradera para contrarrestar la p\u00e9rdida de humedad causada por la exposici\u00f3n a los rayos UV.<\/span><br \/>*<strong>Complejo Soothing Synergy<\/strong> &#8211; <span style=\"font-weight: 400;\">Complejo calmante dise\u00f1ado para aliviar la piel estresada por el calor causado por la exposici\u00f3n al sol.<\/span><\/p>\n<p><\/p>\n<\/div><\/div>\n\n<div class=\"et_pb_accordion_item_1 et_pb_accordion_item et_pb_toggle et_pb_module et_pb_toggle_close et_flex_module\"><h5 class=\"et_pb_toggle_title\">Textura &#038; Sensaci\u00f3n:<\/h5><div class=\"et_pb_toggle_content et_flex_module\"><p>Un s\u00e9rum solar diario tipo water-fit que aporta un cuidado antiedad ligero con una correcci\u00f3n de color suave.<\/p>\n<\/div><\/div>\n\n<div class=\"et_pb_accordion_item_2 et_pb_accordion_item et_pb_toggle et_pb_module et_pb_toggle_close et_flex_module\"><h5 class=\"et_pb_toggle_title\">SPF \/ PA:<\/h5><div class=\"et_pb_toggle_content et_flex_module\"><p>SPF30 | PA+++ | UVA<\/p>\n<\/div><\/div>\n\n<div class=\"et_pb_accordion_item_3 et_pb_accordion_item et_pb_toggle et_pb_module et_pb_toggle_close et_flex_module\"><h5 class=\"et_pb_toggle_title\">Prueba Cl\u00ednica:<\/h5><div class=\"et_pb_toggle_content et_flex_module\"><p>Protecci\u00f3n UV \/ Antiedad<\/p>\n<\/div><\/div>\n<\/div>\n<\/div>\n<\/div>\n<\/div>","protected":false},"excerpt":{"rendered":"","protected":false},"author":2,"featured_media":0,"parent":0,"menu_order":0,"comment_status":"closed","ping_status":"closed","template":"","meta":{"footnotes":""},"class_list":["post-285","page","type-page","status-publish","hentry"],"_links":{"self":[{"href":"https:\/\/sol147kr.com\/index.php\/wp-json\/wp\/v2\/pages\/285","targetHints":{"allow":["GET"]}}],"collection":[{"href":"https:\/\/sol147kr.com\/index.php\/wp-json\/wp\/v2\/pages"}],"about":[{"href":"https:\/\/sol147kr.com\/index.php\/wp-json\/wp\/v2\/types\/page"}],"author":[{"embeddable":true,"href":"https:\/\/sol147kr.com\/index.php\/wp-json\/wp\/v2\/users\/2"}],"replies":[{"embeddable":true,"href":"https:\/\/sol147kr.com\/index.php\/wp-json\/wp\/v2\/comments?post=285"}],"version-history":[{"count":97,"href":"https:\/\/sol147kr.com\/index.php\/wp-json\/wp\/v2\/pages\/285\/revisions"}],"predecessor-version":[{"id":1081,"href":"https:\/\/sol147kr.com\/index.php\/wp-json\/wp\/v2\/pages\/285\/revisions\/1081"}],"wp:attachment":[{"href":"https:\/\/sol147kr.com\/index.php\/wp-json\/wp\/v2\/media?parent=285"}],"curies":[{"name":"wp","href":"https:\/\/api.w.org\/{rel}","templated":true}]}}