{"id":294,"date":"2026-01-30T15:38:04","date_gmt":"2026-01-30T15:38:04","guid":{"rendered":"https:\/\/sol147kr.com\/?page_id=294"},"modified":"2026-04-14T20:31:05","modified_gmt":"2026-04-14T20:31:05","slug":"invisible-protection-sun-stick","status":"publish","type":"page","link":"https:\/\/sol147kr.com\/index.php\/invisible-protection-sun-stick\/","title":{"rendered":"Invisible Protection Sun Stick"},"content":{"rendered":"<div class=\"et_pb_section_0 et_pb_section et_section_regular et_flex_section\">\n<div class=\"et_pb_row_0 et_pb_row et_flex_row\">\n<div class=\"et_pb_column_0 et_pb_column et-last-child et_flex_column et_pb_css_mix_blend_mode_passthrough et_flex_column_24_24 et_flex_column_24_24_tablet et_flex_column_24_24_phone\">\n<div class=\"et_pb_text_0 et_pb_text et_pb_bg_layout_light et_clickable et_pb_module et_flex_module\"><div class=\"et_pb_text_inner\"><p><span style=\"color: #999999;\">ES<\/span> | <span style=\"color: #000000;\"><strong>EN<\/strong><\/span><\/p>\n<\/div><\/div>\n<\/div>\n<\/div>\n\n<div class=\"et_pb_row_1 et_pb_row et_flex_row et_flex_column_12_24 et_flex_column_12_24_tablet et_flex_column_12_24_phone\">\n<div class=\"et_pb_column_1 et_pb_column et_flex_column et_pb_css_mix_blend_mode_passthrough et_flex_column_12_24 et_flex_column_12_24_tablet et_flex_column_24_24_phone\">\n<div class=\"et_pb_gallery_0 et_pb_gallery et_pb_bg_layout_light et_pb_slider et_pb_gallery_fullwidth clearfix et_pb_module\" data-auto-rotate=\"off\" data-auto-rotate-speed=\"\"><div class=\"et_pb_gallery_items et_post_gallery clearfix\" data-per_page=\"2\"><div class=\"et_pb_gallery_item et_pb_gallery_item_0_0\"><div class=\"et_pb_gallery_image landscape\" data-per_page=\"2\"><a href=\"https:\/\/sol147kr.com\/wp-content\/uploads\/2026\/03\/Sun-Stick-Product-Page_2.jpg\" title=\"\"><img loading=\"lazy\" decoding=\"async\" width=\"1370\" height=\"1550\" src=\"https:\/\/sol147kr.com\/wp-content\/uploads\/2026\/03\/Sun-Stick-Product-Page_2.jpg\" alt=\"\" class=\"wp-image-1201\" srcset=\"https:\/\/sol147kr.com\/wp-content\/uploads\/2026\/03\/Sun-Stick-Product-Page_2.jpg 1370w, https:\/\/sol147kr.com\/wp-content\/uploads\/2026\/03\/Sun-Stick-Product-Page_2-1280x1448.jpg 1280w, https:\/\/sol147kr.com\/wp-content\/uploads\/2026\/03\/Sun-Stick-Product-Page_2-980x1109.jpg 980w, https:\/\/sol147kr.com\/wp-content\/uploads\/2026\/03\/Sun-Stick-Product-Page_2-480x543.jpg 480w\" sizes=\"(min-width: 0px) and (max-width: 480px) 480px, (min-width: 481px) and (max-width: 980px) 980px, (min-width: 981px) and (max-width: 1280px) 1280px, (min-width: 1281px) 1370px, 100vw\" \/><span class=\"et_overlay\" data-icon=\"\" data-icon-tablet=\"\" data-icon-phone=\"\"><\/span><\/a><\/div><\/div><div class=\"et_pb_gallery_item et_pb_gallery_item_0_1\"><div class=\"et_pb_gallery_image landscape\" data-per_page=\"2\"><a href=\"https:\/\/sol147kr.com\/wp-content\/uploads\/2026\/04\/Sun-Stick-Product-Page_5.jpg\" title=\"\"><img loading=\"lazy\" decoding=\"async\" width=\"1370\" height=\"1550\" src=\"https:\/\/sol147kr.com\/wp-content\/uploads\/2026\/04\/Sun-Stick-Product-Page_5.jpg\" alt=\"\" class=\"wp-image-1401\" srcset=\"https:\/\/sol147kr.com\/wp-content\/uploads\/2026\/04\/Sun-Stick-Product-Page_5.jpg 1370w, https:\/\/sol147kr.com\/wp-content\/uploads\/2026\/04\/Sun-Stick-Product-Page_5-1280x1448.jpg 1280w, https:\/\/sol147kr.com\/wp-content\/uploads\/2026\/04\/Sun-Stick-Product-Page_5-980x1109.jpg 980w, https:\/\/sol147kr.com\/wp-content\/uploads\/2026\/04\/Sun-Stick-Product-Page_5-480x543.jpg 480w\" sizes=\"(min-width: 0px) and (max-width: 480px) 480px, (min-width: 481px) and (max-width: 980px) 980px, (min-width: 981px) and (max-width: 1280px) 1280px, (min-width: 1281px) 1370px, 100vw\" \/><span class=\"et_overlay\" data-icon=\"\" data-icon-tablet=\"\" data-icon-phone=\"\"><\/span><\/a><\/div><\/div><div class=\"et_pb_gallery_item et_pb_gallery_item_0_2\"><div class=\"et_pb_gallery_image landscape\" data-per_page=\"2\"><a href=\"https:\/\/sol147kr.com\/wp-content\/uploads\/2026\/04\/Sun-Stick-Product-Page_4.jpg\" title=\"\"><img loading=\"lazy\" decoding=\"async\" width=\"1370\" height=\"1550\" src=\"https:\/\/sol147kr.com\/wp-content\/uploads\/2026\/04\/Sun-Stick-Product-Page_4.jpg\" alt=\"\" class=\"wp-image-1402\" srcset=\"https:\/\/sol147kr.com\/wp-content\/uploads\/2026\/04\/Sun-Stick-Product-Page_4.jpg 1370w, https:\/\/sol147kr.com\/wp-content\/uploads\/2026\/04\/Sun-Stick-Product-Page_4-1280x1448.jpg 1280w, https:\/\/sol147kr.com\/wp-content\/uploads\/2026\/04\/Sun-Stick-Product-Page_4-980x1109.jpg 980w, https:\/\/sol147kr.com\/wp-content\/uploads\/2026\/04\/Sun-Stick-Product-Page_4-480x543.jpg 480w\" sizes=\"(min-width: 0px) and (max-width: 480px) 480px, (min-width: 481px) and (max-width: 980px) 980px, (min-width: 981px) and (max-width: 1280px) 1280px, (min-width: 1281px) 1370px, 100vw\" \/><span class=\"et_overlay\" data-icon=\"\" data-icon-tablet=\"\" data-icon-phone=\"\"><\/span><\/a><\/div><\/div><div class=\"et_pb_gallery_item et_pb_gallery_item_0_3\"><div class=\"et_pb_gallery_image landscape\" data-per_page=\"2\"><a href=\"https:\/\/sol147kr.com\/wp-content\/uploads\/2026\/03\/Sun-Stick-Product-Page_3.jpg\" title=\"\"><img loading=\"lazy\" decoding=\"async\" width=\"1370\" height=\"1550\" src=\"https:\/\/sol147kr.com\/wp-content\/uploads\/2026\/03\/Sun-Stick-Product-Page_3.jpg\" alt=\"\" class=\"wp-image-1199\" srcset=\"https:\/\/sol147kr.com\/wp-content\/uploads\/2026\/03\/Sun-Stick-Product-Page_3.jpg 1370w, https:\/\/sol147kr.com\/wp-content\/uploads\/2026\/03\/Sun-Stick-Product-Page_3-1280x1448.jpg 1280w, https:\/\/sol147kr.com\/wp-content\/uploads\/2026\/03\/Sun-Stick-Product-Page_3-980x1109.jpg 980w, https:\/\/sol147kr.com\/wp-content\/uploads\/2026\/03\/Sun-Stick-Product-Page_3-480x543.jpg 480w\" sizes=\"(min-width: 0px) and (max-width: 480px) 480px, (min-width: 481px) and (max-width: 980px) 980px, (min-width: 981px) and (max-width: 1280px) 1280px, (min-width: 1281px) 1370px, 100vw\" \/><span class=\"et_overlay\" data-icon=\"\" data-icon-tablet=\"\" data-icon-phone=\"\"><\/span><\/a><\/div><\/div><\/div><\/div>\n<\/div>\n\n<div class=\"et_pb_column_2 et_pb_column et-last-child et_flex_column et_pb_css_mix_blend_mode_passthrough et_flex_column_12_24 et_flex_column_12_24_tablet et_flex_column_24_24_phone\">\n<div class=\"et_pb_text_1 et_pb_text et_pb_bg_layout_light et_pb_module et_flex_module\"><div class=\"et_pb_text_inner\"><h1>INVISIBLE PROTECTION<br \/>SUN STICK<\/h1>\n<\/div><\/div>\n\n<div class=\"et_pb_text_2 et_pb_text et_pb_bg_layout_light et_pb_module et_flex_module\"><div class=\"et_pb_text_inner\"><p>STICK PROTECTION SOLAR<\/p>\n<\/div><\/div>\n\n<div class=\"et_pb_text_3 et_pb_text et_pb_bg_layout_light et_pb_module et_flex_module\"><div class=\"et_pb_text_inner\"><p>El protector solar en barra se aplica f\u00e1cilmente y proporciona una <strong>protecci\u00f3n invisible y natural<\/strong> (SPF50+ | PA++++ |\u00a0 UVA) para una protecci\u00f3n fiable durante tus desplazamientos. Nuestro protector solar en barra ha superado las pruebas de resistencia al agua y ofrece un <strong>excelente rendimiento impermeable<\/strong>, una aplicaci\u00f3n suave y una larga duraci\u00f3n. Dise\u00f1ado para los estilos de vida activos del Mediterr\u00e1neo, este protector solar en barra se aplica sin esfuerzo, dejando la piel invisible, natural y <strong>completamente libre de residuos.<\/strong><\/p>\n<\/div><\/div>\n\n<div class=\"et_pb_text_4 et_pb_text et_pb_bg_layout_light et_pb_module et_flex_module\"><div class=\"et_pb_text_inner\"><p>#<span style=\"color: #808080;\">WATER-PROOF<\/span> | <span style=\"color: #808080;\">#REFRESH<\/span> | <span style=\"color: #808080;\">#INVISIBLE<\/span><\/p>\n<\/div><\/div>\n<\/div>\n<\/div>\n\n<div class=\"et_pb_row_2 et_pb_row et_flex_row et_flex_column_12_24 et_flex_column_12_24_tablet et_flex_column_12_24_phone\">\n<div class=\"et_pb_column_3 et_pb_column et_flex_column et_pb_css_mix_blend_mode_passthrough et_flex_column_12_24 et_flex_column_12_24_tablet et_flex_column_24_24_phone\">\n<div class=\"et_pb_image_0 et_pb_image et_pb_module et_flex_module\"><span class=\"et_pb_image_wrap\"><img loading=\"lazy\" decoding=\"async\" src=\"https:\/\/sol147kr.com\/wp-content\/uploads\/2026\/03\/Sun-Stick-Product-Acordeon.jpg\" width=\"1438\" height=\"1050\" srcset=\"https:\/\/sol147kr.com\/wp-content\/uploads\/2026\/03\/Sun-Stick-Product-Acordeon.jpg 1438w, https:\/\/sol147kr.com\/wp-content\/uploads\/2026\/03\/Sun-Stick-Product-Acordeon-1280x935.jpg 1280w, https:\/\/sol147kr.com\/wp-content\/uploads\/2026\/03\/Sun-Stick-Product-Acordeon-980x716.jpg 980w, https:\/\/sol147kr.com\/wp-content\/uploads\/2026\/03\/Sun-Stick-Product-Acordeon-480x350.jpg 480w\" sizes=\"(min-width: 0px) and (max-width: 480px) 480px, (min-width: 481px) and (max-width: 980px) 980px, (min-width: 981px) and (max-width: 1280px) 1280px, (min-width: 1281px) 1438px, 100vw\" class=\"wp-image-1200\" title=\"Serum_fuell_e\" \/><\/span><\/div>\n<\/div>\n\n<div class=\"et_pb_column_4 et_pb_column et-last-child et_flex_column et_pb_css_mix_blend_mode_passthrough et_flex_column_12_24 et_flex_column_12_24_tablet et_flex_column_24_24_phone\">\n<div class=\"et_pb_accordion_0 et_pb_accordion et_pb_module et_flex_module\">\n<div class=\"et_pb_accordion_item_0 et_pb_accordion_item et_pb_toggle et_pb_module et_pb_toggle_open et_flex_module\"><h5 class=\"et_pb_toggle_title\">Ingredientes Activos:<\/h5><div class=\"et_pb_toggle_content et_flex_module\"><p>*<strong>Green Tea Phyto PDRN<\/strong> &#8211; <span style=\"font-weight: 400;\">Ingrediente vegetal derivado del t\u00e9 verde, dise\u00f1ado para favorecer la resistencia y la recuperaci\u00f3n de la piel.<\/span><br \/>*<strong>Tocopherol (Vit. E)<\/strong> &#8211; <span style=\"font-weight: 400;\">Un potente antioxidante que ayuda a proteger la piel del estr\u00e9s oxidativo inducido por los rayos UV.<\/span><br \/>*<strong>\u00c1cido Hialur\u00f3nico<\/strong> &#8211; <span style=\"font-weight: 400;\">Proporciona una hidrataci\u00f3n duradera para contrarrestar la p\u00e9rdida de humedad causada por la exposici\u00f3n a los rayos UV.<\/span><\/p>\n<\/div><\/div>\n\n<div class=\"et_pb_accordion_item_1 et_pb_accordion_item et_pb_toggle et_pb_module et_pb_toggle_close et_flex_module\"><h5 class=\"et_pb_toggle_title\">Textura &#038; Sensaci\u00f3n:<\/h5><div class=\"et_pb_toggle_content et_flex_module\"><p>un stick solar transparente que se aplica suavemente, ofreciendo un acabado natural y no graso.<\/p>\n<\/div><\/div>\n\n<div class=\"et_pb_accordion_item_2 et_pb_accordion_item et_pb_toggle et_pb_module et_pb_toggle_close et_flex_module\"><h5 class=\"et_pb_toggle_title\">SPF \/ PA:<\/h5><div class=\"et_pb_toggle_content et_flex_module\"><p>SPF50+ | PA++++ | UVA<\/p>\n<\/div><\/div>\n\n<div class=\"et_pb_accordion_item_3 et_pb_accordion_item et_pb_toggle et_pb_module et_pb_toggle_close et_flex_module\"><h5 class=\"et_pb_toggle_title\">Prueba Cl\u00ednica:<\/h5><div class=\"et_pb_toggle_content et_flex_module\"><p>Protecci\u00f3n UV \/ Resistente al agua<\/p>\n<\/div><\/div>\n<\/div>\n<\/div>\n<\/div>\n<\/div>","protected":false},"excerpt":{"rendered":"","protected":false},"author":2,"featured_media":0,"parent":0,"menu_order":0,"comment_status":"closed","ping_status":"closed","template":"","meta":{"footnotes":""},"class_list":["post-294","page","type-page","status-publish","hentry"],"_links":{"self":[{"href":"https:\/\/sol147kr.com\/index.php\/wp-json\/wp\/v2\/pages\/294","targetHints":{"allow":["GET"]}}],"collection":[{"href":"https:\/\/sol147kr.com\/index.php\/wp-json\/wp\/v2\/pages"}],"about":[{"href":"https:\/\/sol147kr.com\/index.php\/wp-json\/wp\/v2\/types\/page"}],"author":[{"embeddable":true,"href":"https:\/\/sol147kr.com\/index.php\/wp-json\/wp\/v2\/users\/2"}],"replies":[{"embeddable":true,"href":"https:\/\/sol147kr.com\/index.php\/wp-json\/wp\/v2\/comments?post=294"}],"version-history":[{"count":26,"href":"https:\/\/sol147kr.com\/index.php\/wp-json\/wp\/v2\/pages\/294\/revisions"}],"predecessor-version":[{"id":1403,"href":"https:\/\/sol147kr.com\/index.php\/wp-json\/wp\/v2\/pages\/294\/revisions\/1403"}],"wp:attachment":[{"href":"https:\/\/sol147kr.com\/index.php\/wp-json\/wp\/v2\/media?parent=294"}],"curies":[{"name":"wp","href":"https:\/\/api.w.org\/{rel}","templated":true}]}}