{"id":50,"date":"2026-01-21T21:09:06","date_gmt":"2026-01-21T21:09:06","guid":{"rendered":"https:\/\/sol147kr.com\/?page_id=50"},"modified":"2026-03-31T05:57:05","modified_gmt":"2026-03-31T05:57:05","slug":"about-us","status":"publish","type":"page","link":"https:\/\/sol147kr.com\/index.php\/about-us\/","title":{"rendered":"ABOUT US"},"content":{"rendered":"<div class=\"et_pb_section_0 et_pb_section et_section_regular et_flex_section\">\n<div class=\"et_pb_row_0 et_pb_row et_flex_row\">\n<div class=\"et_pb_column_0 et_pb_column et-last-child et_flex_column et_pb_css_mix_blend_mode_passthrough et_flex_column_24_24 et_flex_column_24_24_tablet et_flex_column_24_24_phone\">\n<div class=\"et_pb_text_0 et_pb_text et_pb_bg_layout_light et_clickable et_pb_module et_flex_module\"><div class=\"et_pb_text_inner\"><p><span style=\"color: #999999;\">ES<\/span> | <span style=\"color: #000000;\"><strong>EN<\/strong><\/span><\/p>\n<\/div><\/div>\n\n<div class=\"et_pb_text_1 et_pb_text et_pb_bg_layout_light et_pb_module et_flex_module\"><div class=\"et_pb_text_inner\"><h1>about us<\/h1>\n<\/div><\/div>\n<\/div>\n<\/div>\n\n<div class=\"et_pb_row_1 et_pb_row et_flex_row\">\n<div class=\"et_pb_column_1 et_pb_column et_flex_column et_pb_css_mix_blend_mode_passthrough et_flex_column_3_5 et_flex_column_3_5_tablet et_flex_column_24_24_phone\">\n<div class=\"et_pb_text_2 et_pb_text et_pb_bg_layout_light et_pb_module et_flex_module\"><div class=\"et_pb_text_inner\"><p style=\"text-align: justify;\"><strong>SOL147<\/strong> es una marca coreana especializada en cuidado solar diario, creada para personas que viven bajo el sol todos los d\u00edas.<\/p>\n<p style=\"text-align: justify;\">El sol despierta la vida, proporciona calor y aporta la energ\u00eda esencial que nuestro cuerpo necesita. Al mismo tiempo, sus fuertes rayos UV son uno de los principales factores que da\u00f1an la piel.<\/p>\n<p style=\"text-align: justify;\">Al igual que la Tierra sostiene la vida al mantenerse a una distancia perfecta de 147 millones de kil\u00f3metros del sol, necesitamos una forma equilibrada de coexistir con \u00e9l. Esta filosof\u00eda se alinea naturalmente con el estilo de vida mediterr\u00e1neo, donde caminar, viajar, compartir y disfrutar de momentos al aire libre forman parte de la vida cotidiana.<\/p>\n<p style=\"text-align: justify;\">El cuidado solar debe ser ligero, natural y sin esfuerzo, sin interrumpir nunca esos momentos. Por esta raz\u00f3n, SOL147 est\u00e1 elaborado con la avanzada ciencia coreana de la piel para ofrecer una protecci\u00f3n fiable, ligera y c\u00f3moda que se adapta de forma natural a la vida diaria: en la ciudad, al aire libre, durante los viajes y en todas las estaciones.<\/p>\n<\/div><\/div>\n<\/div>\n\n<div class=\"et_pb_column_2 et_pb_column et-last-child et_flex_column et_pb_css_mix_blend_mode_passthrough et_flex_column_2_5 et_flex_column_2_5_tablet et_flex_column_24_24_phone\">\n<div class=\"et_pb_text_3 et_pb_text et_pb_bg_layout_light et_pb_module et_flex_module\"><div class=\"et_pb_text_inner\"><p style=\"text-align: justify;\">\u201cFor everyone living<br \/>under the sun, SOL147<br \/>keeps your skin at the<br \/>perfect distance.\u201d<\/p>\n<\/div><\/div>\n<\/div>\n<\/div>\n<\/div>\n\n<div class=\"et_pb_section_1 et_pb_section et_section_regular et_flex_section\">\n<div class=\"et_pb_row_2 et_pb_row et_flex_row et_flex_column_12_24 et_flex_column_12_24_tablet et_flex_column_12_24_phone\">\n<div class=\"et_pb_column_3 et_pb_column et_flex_column et_pb_css_mix_blend_mode_passthrough et_flex_column_2_5 et_flex_column_2_5_tablet et_flex_column_24_24_phone\">\n<div class=\"et_pb_image_0 et_pb_image et_pb_module et_flex_module\"><span class=\"et_pb_image_wrap\"><img loading=\"lazy\" decoding=\"async\" src=\"https:\/\/sol147kr.com\/wp-content\/uploads\/2026\/03\/About-Us_B.jpg\" title=\"About-Us_B\" width=\"613\" height=\"920\" srcset=\"https:\/\/sol147kr.com\/wp-content\/uploads\/2026\/03\/About-Us_B.jpg 613w, https:\/\/sol147kr.com\/wp-content\/uploads\/2026\/03\/About-Us_B-480x720.jpg 480w\" sizes=\"(min-width: 0px) and (max-width: 480px) 480px, (min-width: 481px) 613px, 100vw\" class=\"wp-image-1239\" \/><\/span><\/div>\n<\/div>\n\n<div class=\"et_pb_column_4 et_pb_column et-last-child et_flex_column et_pb_css_mix_blend_mode_passthrough et_flex_column_3_5 et_flex_column_3_5_tablet et_flex_column_24_24_phone\">\n<div class=\"et_pb_text_4 et_pb_text et_pb_bg_layout_light et_pb_module et_flex_module\"><div class=\"et_pb_text_inner\"><h2>Intentional skincare<\/h2>\n<\/div><\/div>\n\n<div class=\"et_pb_text_5 et_pb_text et_pb_bg_layout_light et_pb_module et_flex_module\"><div class=\"et_pb_text_inner\"><p><strong>SOL147<\/strong> naci\u00f3 para simplificar lo esencial. Una selecci\u00f3n de productos pensados con cuidado, formulados con ingredientes que de verdad funcionan y que se adaptan a todo tipo de pieles y necesidades.<\/p>\n<p class=\"font-claude-response-body break-words whitespace-normal leading-[1.7]\">No se trata de hacer m\u00e1s, sino de hacerlo mejor: una rutina diaria que cuida y fortalece tu barrera cut\u00e1nea, d\u00eda a d\u00eda, con constancia y resultados visibles.<\/p>\n<\/div><\/div>\n<\/div>\n<\/div>\n<\/div>\n\n<div class=\"et_pb_section_2 et_pb_section et_section_regular et_flex_section\">\n<div class=\"et_pb_row_3 et_pb_row et-vb-row--no-module et_flex_row\">\n<div class=\"et_pb_column_5 et_pb_column et_flex_column et_pb_column_empty et_pb_css_mix_blend_mode_passthrough et_flex_column_12_24 et_flex_column_12_24_tablet et_flex_column_24_24_phone\"><\/div>\n\n<div class=\"et_pb_column_6 et_pb_column et-last-child et_flex_column et_pb_column_empty et_pb_css_mix_blend_mode_passthrough et_flex_column_12_24 et_flex_column_12_24_tablet et_flex_column_24_24_phone\"><\/div>\n<\/div>\n<\/div>","protected":false},"excerpt":{"rendered":"","protected":false},"author":2,"featured_media":0,"parent":0,"menu_order":0,"comment_status":"closed","ping_status":"closed","template":"","meta":{"footnotes":""},"class_list":["post-50","page","type-page","status-publish","hentry"],"_links":{"self":[{"href":"https:\/\/sol147kr.com\/index.php\/wp-json\/wp\/v2\/pages\/50","targetHints":{"allow":["GET"]}}],"collection":[{"href":"https:\/\/sol147kr.com\/index.php\/wp-json\/wp\/v2\/pages"}],"about":[{"href":"https:\/\/sol147kr.com\/index.php\/wp-json\/wp\/v2\/types\/page"}],"author":[{"embeddable":true,"href":"https:\/\/sol147kr.com\/index.php\/wp-json\/wp\/v2\/users\/2"}],"replies":[{"embeddable":true,"href":"https:\/\/sol147kr.com\/index.php\/wp-json\/wp\/v2\/comments?post=50"}],"version-history":[{"count":34,"href":"https:\/\/sol147kr.com\/index.php\/wp-json\/wp\/v2\/pages\/50\/revisions"}],"predecessor-version":[{"id":1257,"href":"https:\/\/sol147kr.com\/index.php\/wp-json\/wp\/v2\/pages\/50\/revisions\/1257"}],"wp:attachment":[{"href":"https:\/\/sol147kr.com\/index.php\/wp-json\/wp\/v2\/media?parent=50"}],"curies":[{"name":"wp","href":"https:\/\/api.w.org\/{rel}","templated":true}]}}