{"id":59,"date":"2026-01-21T21:11:58","date_gmt":"2026-01-21T21:11:58","guid":{"rendered":"https:\/\/sol147kr.com\/?page_id=59"},"modified":"2026-03-12T23:08:57","modified_gmt":"2026-03-12T23:08:57","slug":"vision-147","status":"publish","type":"page","link":"https:\/\/sol147kr.com\/index.php\/vision-147\/","title":{"rendered":"VISI\u00d3N 147"},"content":{"rendered":"<div class=\"et_pb_section_0 et_pb_section et_section_regular et_block_section\">\n<div class=\"et_pb_row_0 et_pb_row et_flex_row\">\n<div class=\"et_pb_column_0 et_pb_column et-last-child et_flex_column et_pb_css_mix_blend_mode_passthrough et_flex_column_24_24 et_flex_column_24_24_tablet et_flex_column_24_24_phone\">\n<div class=\"et_pb_text_0 et_pb_text et_pb_bg_layout_light et_clickable et_pb_module et_flex_module\"><div class=\"et_pb_text_inner\"><p><span style=\"color: #999999;\">ES<\/span> | <span style=\"color: #000000;\"><strong>EN<\/strong><\/span><\/p>\n<\/div><\/div>\n<\/div>\n<\/div>\n\n<div class=\"et_pb_row_1 et_pb_row et_block_row\">\n<div class=\"et_pb_column_1 et_pb_column et_pb_column_4_4 et-last-child et_block_column et_pb_css_mix_blend_mode_passthrough\">\n<div class=\"et_pb_text_1 et_pb_text et_pb_bg_layout_light et_pb_module et_block_module\"><div class=\"et_pb_text_inner\"><p><!-- wp:divi\/placeholder \/--><\/p>\n<\/div><\/div>\n\n<div class=\"et_pb_text_2 et_pb_text et_pb_bg_layout_light et_pb_module et_flex_module\"><div class=\"et_pb_text_inner\"><h1>EL CONCEPTO 147<\/h1>\n<\/div><\/div>\n<\/div>\n<\/div>\n\n<div class=\"et_pb_row_2 et_pb_row et_flex_row\">\n<div class=\"et_pb_column_2 et_pb_column et-last-child et_flex_column et_pb_css_mix_blend_mode_passthrough et_flex_column_24_24 et_flex_column_24_24_tablet et_flex_column_24_24_phone\">\n<div class=\"et_pb_text_3 et_pb_text et_pb_bg_layout_light et_pb_module et_flex_module\"><div class=\"et_pb_text_inner\"><p>La vida en la Tierra existe gracias al <strong>equilibrio<\/strong>. Demasiado cerca del sol, la vida se quemar\u00eda. Demasiado lejos, se congelar\u00eda. A exactamente <strong>147 millones de km<\/strong>, la vida prospera.<\/p>\n<p>Inspirada en esta distancia precisa que hace posible la vida, <strong>SOL147 se basa en el equilibrio<\/strong>: proteger sin excesos, cuidar sin complicaciones y convertir el cuidado solar en un h\u00e1bito diario sin esfuerzo.<\/p>\n<p>SOL147 aplica esta misma l\u00f3gica al cuidado solar: <strong>no bloquear completamente el sol<\/strong>, sino filtrar suavemente lo que da\u00f1a la piel, preservando al mismo tiempo el confort, la vitalidad y el disfrute.<\/p>\n<p>Esta filosof\u00eda refleja un estilo de vida moderno en el que la exposici\u00f3n solar es constante, no ocasional, y <strong>la protecci\u00f3n debe adaptarse a la vida real<\/strong>, no interrumpirla.<\/p>\n<\/div><\/div>\n<\/div>\n<\/div>\n<\/div>\n\n<div class=\"et_pb_section_1 et_pb_section et_section_regular et_flex_section\">\n<div class=\"et_pb_row_3 et_pb_row et_flex_row\">\n<div class=\"et_pb_column_3 et_pb_column et-last-child et_flex_column et_pb_css_mix_blend_mode_passthrough et_flex_column_24_24 et_flex_column_24_24_tablet et_flex_column_24_24_phone\">\n<div class=\"et_pb_text_4 et_pb_text et_pb_bg_layout_light et_pb_module et_flex_module\"><div class=\"et_pb_text_inner\"><h2>EL SISTEMA<br \/>1 \/ 4 \/ 7<\/h2>\n<\/div><\/div>\n<\/div>\n<\/div>\n\n<div class=\"et_pb_row_4 et_pb_row et_pb_gutters2 et_block_row et_flex_column_8_24 et_flex_column_8_24_tablet et_flex_column_8_24_phone\">\n<div class=\"et_pb_column_4 et_pb_column et_pb_column_1_3 et_flex_column et_pb_css_mix_blend_mode_passthrough\">\n<div class=\"et_pb_text_5 et_pb_text et_pb_bg_layout_light et_pb_module et_flex_module\"><div class=\"et_pb_text_inner\"><h3>UN SOLO FOCO.<br \/>CUIDADO SOLAR<\/h3>\n<\/div><\/div>\n\n<div class=\"et_pb_text_6 et_pb_text et_pb_bg_layout_light et_pb_module et_flex_module\"><div class=\"et_pb_text_inner\"><p>1<\/p>\n<\/div><\/div>\n\n<div class=\"et_pb_text_7 et_pb_text et_pb_bg_layout_light et_pb_module et_flex_module\"><div class=\"et_pb_text_inner\"><p style=\"text-align: left;\">La marca coreana de cuidado solar diario, SOL147, presenta al mercado global un cuidado solar diario respaldado por la dermatolog\u00eda experta, con f\u00f3rmulas dise\u00f1adas espec\u00edficamente para el uso diario, no solo para la exposici\u00f3n ocasional o estacional.<\/p>\n<\/div><\/div>\n<\/div>\n\n<div class=\"et_pb_column_5 et_pb_column et_pb_column_1_3 et_flex_column et_pb_css_mix_blend_mode_passthrough\">\n<div class=\"et_pb_text_8 et_pb_text et_pb_bg_layout_light et_pb_module et_flex_module\"><div class=\"et_pb_text_inner\"><h3>CUATRO<br \/>ESTACIONES<\/h3>\n<\/div><\/div>\n\n<div class=\"et_pb_text_9 et_pb_text et_pb_bg_layout_light et_pb_module et_flex_module\"><div class=\"et_pb_text_inner\"><p>4<\/p>\n<\/div><\/div>\n\n<div class=\"et_pb_text_10 et_pb_text et_pb_bg_layout_light et_pb_module et_flex_module\"><div class=\"et_pb_text_inner\"><p style=\"text-align: left;\">Los productos SOL147 est\u00e1n formulados para un uso diario c\u00f3modo y se adaptan suavemente a las variaciones de los rayos UV a lo largo del a\u00f1o, desde la vida en la ciudad en invierno hasta las actividades al aire libre en verano.<\/p>\n<\/div><\/div>\n<\/div>\n\n<div class=\"et_pb_column_6 et_pb_column et_pb_column_1_3 et-last-child et_flex_column et_pb_css_mix_blend_mode_passthrough\">\n<div class=\"et_pb_text_11 et_pb_text et_pb_bg_layout_light et_pb_module et_flex_module\"><div class=\"et_pb_text_inner\"><h3>SIETE CRITERIOS<br \/>ESTRICTOS<\/h3>\n<\/div><\/div>\n\n<div class=\"et_pb_text_12 et_pb_text et_pb_bg_layout_light et_pb_module et_flex_module\"><div class=\"et_pb_text_inner\"><p>7<\/p>\n<\/div><\/div>\n\n<div class=\"et_pb_text_13 et_pb_text et_pb_bg_layout_light et_pb_module et_flex_module\"><div class=\"et_pb_text_inner\"><p style=\"text-align: left;\">Siete Principios centrados en la seguridad, la tolerancia de la piel y un rendimiento responsable.<br \/>* Cruelty-free (no testado en animales)<br \/>* Libre de los 83 al\u00e9rgenos de fragancia<br \/>listados en la UE<br \/>* Sin PEG<br \/>* Sin siliconas c\u00edclicas (D4, D5, D6)<br \/>* Sin oxibenzona<br \/>* Sin fragancia<br \/>* Sin parabenos<\/p>\n<\/div><\/div>\n<\/div>\n<\/div>\n<\/div>","protected":false},"excerpt":{"rendered":"","protected":false},"author":2,"featured_media":0,"parent":0,"menu_order":0,"comment_status":"closed","ping_status":"closed","template":"","meta":{"footnotes":""},"class_list":["post-59","page","type-page","status-publish","hentry"],"_links":{"self":[{"href":"https:\/\/sol147kr.com\/index.php\/wp-json\/wp\/v2\/pages\/59","targetHints":{"allow":["GET"]}}],"collection":[{"href":"https:\/\/sol147kr.com\/index.php\/wp-json\/wp\/v2\/pages"}],"about":[{"href":"https:\/\/sol147kr.com\/index.php\/wp-json\/wp\/v2\/types\/page"}],"author":[{"embeddable":true,"href":"https:\/\/sol147kr.com\/index.php\/wp-json\/wp\/v2\/users\/2"}],"replies":[{"embeddable":true,"href":"https:\/\/sol147kr.com\/index.php\/wp-json\/wp\/v2\/comments?post=59"}],"version-history":[{"count":31,"href":"https:\/\/sol147kr.com\/index.php\/wp-json\/wp\/v2\/pages\/59\/revisions"}],"predecessor-version":[{"id":1133,"href":"https:\/\/sol147kr.com\/index.php\/wp-json\/wp\/v2\/pages\/59\/revisions\/1133"}],"wp:attachment":[{"href":"https:\/\/sol147kr.com\/index.php\/wp-json\/wp\/v2\/media?parent=59"}],"curies":[{"name":"wp","href":"https:\/\/api.w.org\/{rel}","templated":true}]}}