{"id":61,"date":"2026-01-21T21:12:15","date_gmt":"2026-01-21T21:12:15","guid":{"rendered":"https:\/\/sol147kr.com\/?page_id=61"},"modified":"2026-03-12T23:04:52","modified_gmt":"2026-03-12T23:04:52","slug":"slow-aging","status":"publish","type":"page","link":"https:\/\/sol147kr.com\/index.php\/slow-aging\/","title":{"rendered":"SLOW AGING"},"content":{"rendered":"<div class=\"et_pb_section_0 et_pb_section et_section_regular et_block_section\">\n<div class=\"et_pb_row_0 et_pb_row et_flex_row\">\n<div class=\"et_pb_column_0 et_pb_column et-last-child et_flex_column et_pb_css_mix_blend_mode_passthrough et_flex_column_24_24 et_flex_column_24_24_tablet et_flex_column_24_24_phone\">\n<div class=\"et_pb_text_0 et_pb_text et_pb_bg_layout_light et_clickable et_pb_module et_flex_module\"><div class=\"et_pb_text_inner\"><p><span style=\"color: #999999;\">ES<\/span> | <span style=\"color: #000000;\"><strong>EN<\/strong><\/span><\/p>\n<\/div><\/div>\n<\/div>\n<\/div>\n\n<div class=\"et_pb_row_1 et_pb_row et_block_row\">\n<div class=\"et_pb_column_1 et_pb_column et_pb_column_4_4 et-last-child et_block_column et_pb_css_mix_blend_mode_passthrough\">\n<div class=\"et_pb_text_1 et_pb_text et_pb_bg_layout_light et_pb_module et_flex_module\"><div class=\"et_pb_text_inner\"><h1>FILOSOF\u00cdA SLOW AGING<\/h1>\n<\/div><\/div>\n<\/div>\n<\/div>\n\n<div class=\"et_pb_row_2 et_pb_row et_flex_row\">\n<div class=\"et_pb_column_2 et_pb_column et-last-child et_flex_column et_pb_css_mix_blend_mode_passthrough et_flex_column_24_24 et_flex_column_24_24_tablet et_flex_column_24_24_phone\">\n<div class=\"et_pb_text_2 et_pb_text et_pb_bg_layout_light et_pb_module et_flex_module\"><div class=\"et_pb_text_inner\"><p><strong>SOL147<\/strong> <strong>adopta el\u00a0\u00a0\u00a0como una creencia central de la marca<\/strong>: la idea de que el cuidado diario y consciente es m\u00e1s eficaz que los tratamientos correctivos posteriores. <strong>La protecci\u00f3n solar no es solo prevenci\u00f3n<\/strong>, es una inversi\u00f3n esencial y a largo plazo en una piel sana y resistente.<\/p>\n<\/div><\/div>\n<\/div>\n<\/div>\n<\/div>\n\n<div class=\"et_pb_section_1 et_pb_section et_section_regular et_flex_section\">\n<div class=\"et_pb_row_3 et_pb_row et_pb_gutters1 et_block_row et_flex_column_12_24 et_flex_column_12_24_tablet et_flex_column_12_24_phone\">\n<div class=\"et_pb_column_3 et_pb_column et_pb_column_1_2 et_flex_column et_pb_css_mix_blend_mode_passthrough\">\n<div class=\"et_pb_image_0 et_pb_image et_pb_module et_flex_module\"><span class=\"et_pb_image_wrap\"><img loading=\"lazy\" decoding=\"async\" src=\"https:\/\/sol147kr.com\/wp-content\/uploads\/2026\/02\/Slow-Aging-Gu.jpg\" title=\"Slow-Aging-Gu\" width=\"1440\" height=\"1920\" srcset=\"https:\/\/sol147kr.com\/wp-content\/uploads\/2026\/02\/Slow-Aging-Gu.jpg 1440w, https:\/\/sol147kr.com\/wp-content\/uploads\/2026\/02\/Slow-Aging-Gu-1280x1707.jpg 1280w, https:\/\/sol147kr.com\/wp-content\/uploads\/2026\/02\/Slow-Aging-Gu-980x1307.jpg 980w, https:\/\/sol147kr.com\/wp-content\/uploads\/2026\/02\/Slow-Aging-Gu-480x640.jpg 480w\" sizes=\"(min-width: 0px) and (max-width: 480px) 480px, (min-width: 481px) and (max-width: 980px) 980px, (min-width: 981px) and (max-width: 1280px) 1280px, (min-width: 1281px) 1440px, 100vw\" class=\"wp-image-737\" \/><\/span><\/div>\n<\/div>\n\n<div class=\"et_pb_column_4 et_pb_column et_pb_column_1_2 et-last-child et_flex_column et_pb_css_mix_blend_mode_passthrough\">\n<div class=\"et_pb_text_3 et_pb_text et_pb_bg_layout_light et_pb_module et_flex_module\"><div class=\"et_pb_text_inner\"><p>En lugar de mensajes basados en el miedo o promesas agresivas, <strong>SOL147<\/strong> fomenta un enfoque reflexivo y equilibrado:<\/p>\n<\/div><\/div>\n\n<div class=\"et_pb_text_4 et_pb_text et_pb_bg_layout_light et_pb_module et_flex_module\"><div class=\"et_pb_text_inner\"><p>\u2022<strong> La constancia frente a la intensidad<\/strong>: los peque\u00f1os h\u00e1bitos diarios superan a los extremos ocasionales.<\/p>\n<p>\u2022 <strong>La prevenci\u00f3n frente a la reparaci\u00f3n<\/strong>: proteger hoy para reducir el da\u00f1o futuro.<\/p>\n<p>\u2022 <strong>El cuidado m\u00e1s all\u00e1 de la protecci\u00f3n<\/strong>: f\u00f3rmulas que nutren la piel mientras la protegen.<\/p>\n<\/div><\/div>\n\n<div class=\"et_pb_text_5 et_pb_text et_pb_bg_layout_light et_pb_module et_flex_module\"><div class=\"et_pb_text_inner\"><p>Al integrar el cuidado solar en las rutinas cotidianas, el slow aging se convierte en un <strong>acto natural de autocuidado<\/strong>, apoyando la salud de la piel, su luminosidad y la confianza.<\/p>\n<p>Se trata de convivir con el sol, <strong>no de evitarlo<\/strong>, y de construir h\u00e1bitos que duren toda la vida.<\/p>\n<\/div><\/div>\n<\/div>\n<\/div>\n<\/div>","protected":false},"excerpt":{"rendered":"","protected":false},"author":2,"featured_media":0,"parent":0,"menu_order":0,"comment_status":"closed","ping_status":"closed","template":"","meta":{"footnotes":""},"class_list":["post-61","page","type-page","status-publish","hentry"],"_links":{"self":[{"href":"https:\/\/sol147kr.com\/index.php\/wp-json\/wp\/v2\/pages\/61","targetHints":{"allow":["GET"]}}],"collection":[{"href":"https:\/\/sol147kr.com\/index.php\/wp-json\/wp\/v2\/pages"}],"about":[{"href":"https:\/\/sol147kr.com\/index.php\/wp-json\/wp\/v2\/types\/page"}],"author":[{"embeddable":true,"href":"https:\/\/sol147kr.com\/index.php\/wp-json\/wp\/v2\/users\/2"}],"replies":[{"embeddable":true,"href":"https:\/\/sol147kr.com\/index.php\/wp-json\/wp\/v2\/comments?post=61"}],"version-history":[{"count":25,"href":"https:\/\/sol147kr.com\/index.php\/wp-json\/wp\/v2\/pages\/61\/revisions"}],"predecessor-version":[{"id":1127,"href":"https:\/\/sol147kr.com\/index.php\/wp-json\/wp\/v2\/pages\/61\/revisions\/1127"}],"wp:attachment":[{"href":"https:\/\/sol147kr.com\/index.php\/wp-json\/wp\/v2\/media?parent=61"}],"curies":[{"name":"wp","href":"https:\/\/api.w.org\/{rel}","templated":true}]}}