{"id":63,"date":"2026-01-21T21:12:28","date_gmt":"2026-01-21T21:12:28","guid":{"rendered":"https:\/\/sol147kr.com\/?page_id=63"},"modified":"2026-03-31T07:24:06","modified_gmt":"2026-03-31T07:24:06","slug":"korean-expertise","status":"publish","type":"page","link":"https:\/\/sol147kr.com\/index.php\/korean-expertise\/","title":{"rendered":"KOREAN EXPERTISE"},"content":{"rendered":"<div class=\"et_pb_section_0 et_pb_section et_section_regular et_block_section\">\n<div class=\"et_pb_row_0 et_pb_row et_flex_row\">\n<div class=\"et_pb_column_0 et_pb_column et-last-child et_flex_column et_pb_css_mix_blend_mode_passthrough et_flex_column_24_24 et_flex_column_24_24_tablet et_flex_column_24_24_phone\">\n<div class=\"et_pb_text_0 et_pb_text et_pb_bg_layout_light et_clickable et_pb_module et_flex_module\"><div class=\"et_pb_text_inner\"><p><span style=\"color: #999999;\">ES<\/span> | <span style=\"color: #000000;\"><strong>EN<\/strong><\/span><\/p>\n<\/div><\/div>\n<\/div>\n<\/div>\n\n<div class=\"et_pb_row_1 et_pb_row et_block_row\">\n<div class=\"et_pb_column_1 et_pb_column et_pb_column_4_4 et-last-child et_block_column et_pb_css_mix_blend_mode_passthrough\">\n<div class=\"et_pb_text_1 et_pb_text et_pb_bg_layout_light et_pb_module et_flex_module\"><div class=\"et_pb_text_inner\"><h1>COREAN EXPERTISE<\/h1>\n<\/div><\/div>\n<\/div>\n<\/div>\n<\/div>\n\n<div class=\"et_pb_section_1 et_pb_section et_section_regular et_flex_section\">\n<div class=\"et_pb_row_2 et_pb_row et_flex_row\">\n<div class=\"et_pb_column_2 et_pb_column et-last-child et_flex_column et_pb_css_mix_blend_mode_passthrough et_flex_column_24_24 et_flex_column_24_24_tablet et_flex_column_24_24_phone\">\n<div class=\"et_pb_text_2 et_pb_text et_pb_bg_layout_light et_pb_module et_flex_module\"><div class=\"et_pb_text_inner\"><p>Los productos SOL147 se desarrollan en Corea del Sur,<br \/>un pa\u00eds reconocido a nivel mundial por su excelencia en el cuidado.<\/p>\n<p>La dermatolog\u00eda en Corea, se fundamenta en tres pilares esenciales:<\/p>\n<\/div><\/div>\n<\/div>\n<\/div>\n\n<div class=\"et_pb_row_3 et_pb_row et_flex_row\">\n<div class=\"et_pb_column_3 et_pb_column et_flex_column et_pb_css_mix_blend_mode_passthrough et_flex_column_8_24 et_flex_column_8_24_tablet et_flex_column_24_24_phone\">\n<div class=\"et_pb_text_3 et_pb_text et_pb_bg_layout_light et_pb_module et_flex_module\"><div class=\"et_pb_text_inner\"><p><strong>LA PREVENCI\u00d3N<\/strong> del fotoenvejecimiento cut\u00e1neo<\/p>\n<\/div><\/div>\n\n<div class=\"et_pb_toggle_0 et_pb_toggle et_pb_toggle_item et_pb_toggle_close et_pb_module et_flex_module\"><h5 class=\"et_pb_toggle_title\">El da\u00f1o solar acumulado es la principal causa del envejecimiento prematuro de la piel.<\/h5><div class=\"et_pb_toggle_content clearfix et_flex_module\"><p>Por eso, la prevenci\u00f3n diaria es fundamental:<\/p>\n<p>Protecci\u00f3n frente a UVA y UVB: evita arrugas, p\u00e9rdida de elasticidad y manchas.<\/p>\n<p>Uso continuado: aplicar SPF cada d\u00eda, incluso en entornos urbanos, garantiza resultados visibles a largo plazo.<\/p>\n<p>Filosof\u00eda slow aging: prevenir hoy es m\u00e1s efectivo que corregir ma\u00f1ana; se trata de integrar la protecci\u00f3n solar en la rutina diaria de manera natural y sostenible.<\/p>\n<p>Activos dermatol\u00f3gicos: antioxidantes como el Green Tea Phyto PDRN y vitamina E ayudan a neutralizar el estr\u00e9s oxidativo inducido por el sol.<\/p>\n<\/div><\/div>\n<\/div>\n\n<div class=\"et_pb_column_4 et_pb_column et_flex_column et_pb_css_mix_blend_mode_passthrough et_flex_column_8_24 et_flex_column_8_24_tablet et_flex_column_24_24_phone\">\n<div class=\"et_pb_text_4 et_pb_text et_pb_bg_layout_light et_pb_module et_flex_module\"><div class=\"et_pb_text_inner\"><p><strong>LA HIDRATACI\u00d3N PROFUNDA<\/strong><br \/>y la acci\u00f3n calmante<\/p>\n<\/div><\/div>\n\n<div class=\"et_pb_toggle_1 et_pb_toggle et_pb_toggle_item et_pb_toggle_close et_pb_module et_flex_module\"><h5 class=\"et_pb_toggle_title\">Una piel protegida necesita tambi\u00e9n estar hidratada y equilibrada:<\/h5><div class=\"et_pb_toggle_content clearfix et_flex_module\"><p>Hidrataci\u00f3n intensa: ingredientes como el \u00e1cido hialur\u00f3nico aportan agua y mantienen la elasticidad cut\u00e1nea.<\/p>\n<p>Efecto calmante: compuestos espec\u00edficos reducen la irritaci\u00f3n y la sensaci\u00f3n de calor provocada por el sol.<\/p>\n<p>Equilibrio de la barrera cut\u00e1nea: protege la piel de agresores externos y minimiza la p\u00e9rdida de agua transepid\u00e9rmica.<\/p>\n<p>Confort diario: texturas ligeras y suaves que permiten un uso continuado sin sensaci\u00f3n grasa ni residuo, para que la protecci\u00f3n solar sea un gesto c\u00f3modo y agradable.<\/p>\n<\/div><\/div>\n<\/div>\n\n<div class=\"et_pb_column_5 et_pb_column et-last-child et_flex_column et_pb_css_mix_blend_mode_passthrough et_flex_column_8_24 et_flex_column_8_24_tablet et_flex_column_24_24_phone\">\n<div class=\"et_pb_text_5 et_pb_text et_pb_bg_layout_light et_pb_module et_flex_module\"><div class=\"et_pb_text_inner\"><p><strong>LA SEGURIDAD <\/strong>y la<br \/><strong>EFICACIA<\/strong> a largo plazo<\/p>\n<\/div><\/div>\n\n<div class=\"et_pb_toggle_2 et_pb_toggle et_pb_toggle_item et_pb_toggle_close et_pb_module et_flex_module\"><h5 class=\"et_pb_toggle_title\">SOL147 combina rendimiento y cuidado continuo:  Formulaci\u00f3n dermatol\u00f3gica segura:<\/h5><div class=\"et_pb_toggle_content clearfix et_flex_module\"><p>testadas para tolerancia incluso en pieles sensibles, garantizando protecci\u00f3n diaria sin riesgos.<\/p>\n<p>Efecto prolongado: protecci\u00f3n solar estable durante horas y alta resistencia al agua y al sudor.<\/p>\n<p>Uso diario sostenible: la combinaci\u00f3n de activos y texturas permite aplicar los productos todos los d\u00edas sin comprometer la salud cut\u00e1nea.<\/p>\n<p>Compromiso con resultados a largo plazo: prevenci\u00f3n, hidrataci\u00f3n y cuidado calmante se integran en una rutina que favorece la piel sana y resiliente a lo largo del tiempo.<\/p>\n<\/div><\/div>\n<\/div>\n<\/div>\n\n<div class=\"et_pb_row_4 et_pb_row et_flex_row et_flex_column_12_24 et_flex_column_12_24_tablet et_flex_column_12_24_phone\">\n<div class=\"et_pb_column_6 et_pb_column et_flex_column et_pb_css_mix_blend_mode_passthrough et_flex_column_12_24 et_flex_column_12_24_tablet et_flex_column_24_24_phone\">\n<div class=\"et_pb_image_0 et_pb_image et_pb_module et_flex_module\"><span class=\"et_pb_image_wrap\"><img loading=\"lazy\" decoding=\"async\" src=\"https:\/\/sol147kr.com\/wp-content\/uploads\/2026\/02\/close-up-hand-holding-tube-with-solution_L.jpg\" title=\"close-up-hand-holding-tube-with-solution_L\" width=\"1320\" height=\"1360\" srcset=\"https:\/\/sol147kr.com\/wp-content\/uploads\/2026\/02\/close-up-hand-holding-tube-with-solution_L.jpg 1320w, https:\/\/sol147kr.com\/wp-content\/uploads\/2026\/02\/close-up-hand-holding-tube-with-solution_L-1280x1319.jpg 1280w, https:\/\/sol147kr.com\/wp-content\/uploads\/2026\/02\/close-up-hand-holding-tube-with-solution_L-980x1010.jpg 980w, https:\/\/sol147kr.com\/wp-content\/uploads\/2026\/02\/close-up-hand-holding-tube-with-solution_L-480x495.jpg 480w\" sizes=\"(min-width: 0px) and (max-width: 480px) 480px, (min-width: 481px) and (max-width: 980px) 980px, (min-width: 981px) and (max-width: 1280px) 1280px, (min-width: 1281px) 1320px, 100vw\" class=\"wp-image-710\" \/><\/span><\/div>\n<\/div>\n\n<div class=\"et_pb_column_7 et_pb_column et-last-child et_flex_column et_pb_css_mix_blend_mode_passthrough et_flex_column_12_24 et_flex_column_12_24_tablet et_flex_column_24_24_phone\">\n<div class=\"et_pb_text_6 et_pb_text et_pb_bg_layout_light et_pb_module et_flex_module\"><div class=\"et_pb_text_inner\"><h2>EXPERIENCIA<br \/>DERMATOL\u00d3GICA COREANA<\/h2>\n<\/div><\/div>\n\n<div class=\"et_pb_text_7 et_pb_text et_pb_bg_layout_light et_pb_module et_flex_module\"><div class=\"et_pb_text_inner\"><p>Esta experiencia se traduce en <strong>f\u00f3rmulas dise\u00f1adas no solo para <\/strong><strong>proteger, sino para cuidar la piel de forma continua<\/strong>. SOL147 no se basa en prescriptores, se basa en la <strong>l\u00f3gica m\u00e9dica, en criterios de <\/strong><strong>formulaci\u00f3n y en la validaci\u00f3n cl\u00ednica<\/strong>.<\/p>\n<p><strong>Todos los productos SOL147 se desarrollan en coordinaci\u00f3n <\/strong><strong>con dermat\u00f3logos coreanos de referencia<\/strong>. Nuestras f\u00f3rmulas est\u00e1n dise\u00f1adas de manera consciente y personalizadas para consumidores modernos y globales, inspiradas en el estilo de vida mediterr\u00e1neo y en su estrecha relaci\u00f3n con la exposici\u00f3n solar diaria.<\/p>\n<p><strong>Nuestra m\u00e1xima y primera prioridad es el slow aging<\/strong>, que est\u00e1 influido en gran medida por la exposici\u00f3n solar.<\/p>\n<p>Cada f\u00f3rmula se desarrolla para proporcionar una protecci\u00f3n solar eficaz, guiada por ingredientes cuidadosamente seleccionados, conocimiento dermatol\u00f3gico y una investigaci\u00f3n y desarrollo experto, para apoyar el slow aging.<\/p>\n<\/div><\/div>\n<\/div>\n<\/div>\n<\/div>","protected":false},"excerpt":{"rendered":"","protected":false},"author":2,"featured_media":0,"parent":0,"menu_order":0,"comment_status":"closed","ping_status":"closed","template":"","meta":{"footnotes":""},"class_list":["post-63","page","type-page","status-publish","hentry"],"_links":{"self":[{"href":"https:\/\/sol147kr.com\/index.php\/wp-json\/wp\/v2\/pages\/63","targetHints":{"allow":["GET"]}}],"collection":[{"href":"https:\/\/sol147kr.com\/index.php\/wp-json\/wp\/v2\/pages"}],"about":[{"href":"https:\/\/sol147kr.com\/index.php\/wp-json\/wp\/v2\/types\/page"}],"author":[{"embeddable":true,"href":"https:\/\/sol147kr.com\/index.php\/wp-json\/wp\/v2\/users\/2"}],"replies":[{"embeddable":true,"href":"https:\/\/sol147kr.com\/index.php\/wp-json\/wp\/v2\/comments?post=63"}],"version-history":[{"count":56,"href":"https:\/\/sol147kr.com\/index.php\/wp-json\/wp\/v2\/pages\/63\/revisions"}],"predecessor-version":[{"id":1272,"href":"https:\/\/sol147kr.com\/index.php\/wp-json\/wp\/v2\/pages\/63\/revisions\/1272"}],"wp:attachment":[{"href":"https:\/\/sol147kr.com\/index.php\/wp-json\/wp\/v2\/media?parent=63"}],"curies":[{"name":"wp","href":"https:\/\/api.w.org\/{rel}","templated":true}]}}